{"id":1721,"date":"2024-08-29T14:23:51","date_gmt":"2024-08-29T12:23:51","guid":{"rendered":"https:\/\/new.waterfall-audio.com\/produkt\/waterfall-standard\/"},"modified":"2024-10-21T18:16:22","modified_gmt":"2024-10-21T16:16:22","slug":"waterfall-standard","status":"publish","type":"product","link":"https:\/\/waterfall-audio.com\/pl\/shop\/waterfall-standard\/","title":{"rendered":"Waterfall Standard"},"content":{"rendered":"<p>Przedstawiamy pa\u0144stwu: <strong>Waterfall Standard<\/strong><\/p>\n<p class=\"has-text-align-justify\">Waterfall Standard to solidna i \u015bwietnie wykonana myjka do p\u0142yt winylowych. Jej kluczowym elementem jest mocny, a zarazem cichy i wydajny silnik ss\u0105cy. Wystarczy jeden obr\u00f3t aby usun\u0105\u0107 wi\u0119kszo\u015b\u0107 p\u0142ynu z p\u0142yty. Twoja kolekcja p\u0142yt winylowych odzyska dawne brzmienie i blask! Obudowa zosta\u0142a wykonana z wilgocioodpornej p\u0142yty MDF, a obicie wn\u0119trza piank\u0105 akustyczn\u0105 dodatkowo wycisza urz\u0105dzenie. Ca\u0142o\u015b\u0107 zosta\u0142a wyko\u0144czona eleganck\u0105 i trwa\u0142\u0105 pow\u0142ok\u0105 lakiernicz\u0105, kt\u00f3ra jest \u0142atwa w utrzymaniu w czysto\u015bci &#8211; myjka b\u0119dzie \u015bwietnie si\u0119 prezentowa\u0107 w\u015br\u00f3d Twojego sprz\u0119tu audio. Wszystkie elementy metalowe zosta\u0142y wykonane ze stali nierdzewnej.<\/p>\n<p class=\"has-text-align-justify\">Urz\u0105dzenie posiada elegancki panel steruj\u0105cy, kt\u00f3ry s\u0142u\u017cy do obs\u0142ugi poszczeg\u00f3lnych funkcji. Ponadto myjka zosta\u0142a wyposa\u017cona w czujnik zape\u0142nienia zbiornika na zu\u017cyty p\u0142yn oraz d\u0142ugi przew\u00f3d s\u0142u\u017c\u0105cy do jego opr\u00f3\u017cniania.<\/p>\n<p><strong>Najwa\u017cniejsze cechy urz\u0105dzenia:<\/strong><\/p>\n<ul>\n<li>Ssawka wyko\u0144czona aksamitnymi paskami materia\u0142owymi<\/li>\n<li>Obrotowy talerz z mo\u017cliwo\u015bci\u0105 zmiany kierunku obrot\u00f3w<\/li>\n<li>Masywny docisk wyposa\u017cony w grub\u0105 uszczelk\u0119 chroni\u0105c\u0105 label przed wilgoci\u0105<\/li>\n<li>Mocny, wydajny i cichy silnik ss\u0105cy<\/li>\n<li>Zbiornik na p\u0142yn o pojemno\u015bci 0,3 l<\/li>\n<li>Solidna i wytrzyma\u0142a konstrukcja obudowy wykonana z wilgocioodpornej p\u0142yty MDF<\/li>\n<li>W zestawie znajduje si\u0119 adapter, kt\u00f3ry pozwala na czyszczenie r\u00f3\u017cnych rozmiar\u00f3w p\u0142yt od 7 do 12 cali, specjalny p\u0142yn, kabel zasilaj\u0105cy oraz drewniana szczotka r\u0119czna z w\u0142osiem kozim.<\/li>\n<\/ul>\n<p><strong>Dane techniczne:<\/strong><\/p>\n<ul>\n<li>Zasilanie: 230 V, 50\/60 Hz, 600 W<\/li>\n<li>Wymiary: 410x320x245 mm<\/li>\n<li>Waga: 10,5 kg<\/li>\n<li>Pr\u0119dko\u015b\u0107 obrotowa: 15 obr. \/ min<\/li>\n<\/ul>\n<p>Dodatkowo do urz\u0105dzenia mo\u017cna zam\u00f3wi\u0107 dedykowan\u0105 <a href=\"https:\/\/waterfall-audio.com\/pl\/shop\/pokrywa-przeciwkurzowa\">os\u0142on\u0119 przeciwkurzow\u0105.<\/a><\/p>\n","protected":false},"excerpt":{"rendered":"<p><strong>Waterfall Standard<\/strong> to wydajna myjka do p\u0142yt winylowych, wyposa\u017cona w mocny silnik ss\u0105cy, kt\u00f3ry usuwa p\u0142yn z zabrudzeniami w trakcie jednego obrotu. Twoja kolekcja p\u0142yt winylowych odzyska \u015bwietnie brzmienie i dawny blask! Obudowa z MDF i pianka akustyczna zapewniaj\u0105 kulturaln\u0105 prac\u0119, a elegancka i trwa\u0142a pow\u0142oka lakiernicza sprawia \u017ce urz\u0105dzenie b\u0119dzie \u015bwietnie prezentowa\u0107 si\u0119 w\u015br\u00f3d Twojego sprz\u0119tu audio! Posiada panel steruj\u0105cy, czujnik zape\u0142nienia zbiornika i d\u0142ugi przew\u00f3d do odprowadzania p\u0142ynu.<\/p>\n","protected":false},"featured_media":1686,"comment_status":"open","ping_status":"closed","template":"","meta":{"_uag_custom_page_level_css":"","site-sidebar-layout":"default","site-content-layout":"","ast-site-content-layout":"default","site-content-style":"default","site-sidebar-style":"default","ast-global-header-display":"","ast-banner-title-visibility":"","ast-main-header-display":"","ast-hfb-above-header-display":"","ast-hfb-below-header-display":"","ast-hfb-mobile-header-display":"","site-post-title":"","ast-breadcrumbs-content":"","ast-featured-img":"","footer-sml-layout":"","theme-transparent-header-meta":"default","adv-header-id-meta":"","stick-header-meta":"","header-above-stick-meta":"","header-main-stick-meta":"","header-below-stick-meta":"","astra-migrate-meta-layouts":"set","ast-page-background-enabled":"default","ast-page-background-meta":{"desktop":{"background-color":"","background-image":"","background-repeat":"repeat","background-position":"center center","background-size":"auto","background-attachment":"scroll","background-type":"","background-media":"","overlay-type":"","overlay-color":"","overlay-opacity":"","overlay-gradient":""},"tablet":{"background-color":"","background-image":"","background-repeat":"repeat","background-position":"center center","background-size":"auto","background-attachment":"scroll","background-type":"","background-media":"","overlay-type":"","overlay-color":"","overlay-opacity":"","overlay-gradient":""},"mobile":{"background-color":"","background-image":"","background-repeat":"repeat","background-position":"center center","background-size":"auto","background-attachment":"scroll","background-type":"","background-media":"","overlay-type":"","overlay-color":"","overlay-opacity":"","overlay-gradient":""}},"ast-content-background-meta":{"desktop":{"background-color":"var(--ast-global-color-5)","background-image":"","background-repeat":"repeat","background-position":"center center","background-size":"auto","background-attachment":"scroll","background-type":"","background-media":"","overlay-type":"","overlay-color":"","overlay-opacity":"","overlay-gradient":""},"tablet":{"background-color":"var(--ast-global-color-5)","background-image":"","background-repeat":"repeat","background-position":"center center","background-size":"auto","background-attachment":"scroll","background-type":"","background-media":"","overlay-type":"","overlay-color":"","overlay-opacity":"","overlay-gradient":""},"mobile":{"background-color":"var(--ast-global-color-5)","background-image":"","background-repeat":"repeat","background-position":"center center","background-size":"auto","background-attachment":"scroll","background-type":"","background-media":"","overlay-type":"","overlay-color":"","overlay-opacity":"","overlay-gradient":""}}},"product_cat":[46],"product_tag":[],"class_list":{"0":"post-1721","1":"product","2":"type-product","3":"status-publish","4":"has-post-thumbnail","6":"product_cat-myjki-do-plyt-winylowych","7":"product_shipping_class-urzadzenia","8":"desktop-align-left","9":"tablet-align-left","10":"mobile-align-left","12":"first","13":"instock","14":"taxable","15":"shipping-taxable","16":"purchasable","17":"product-type-simple"},"uagb_featured_image_src":{"full":["https:\/\/waterfall-audio.com\/wp-content\/uploads\/2024\/08\/IMG_3826_scaled_to_professional.webp",1920,1263,false],"thumbnail":["https:\/\/waterfall-audio.com\/wp-content\/uploads\/2024\/08\/IMG_3826_scaled_to_professional-150x150.webp",150,150,true],"medium":["https:\/\/waterfall-audio.com\/wp-content\/uploads\/2024\/08\/IMG_3826_scaled_to_professional-300x197.webp",300,197,true],"medium_large":["https:\/\/waterfall-audio.com\/wp-content\/uploads\/2024\/08\/IMG_3826_scaled_to_professional-768x505.webp",768,505,true],"large":["https:\/\/waterfall-audio.com\/wp-content\/uploads\/2024\/08\/IMG_3826_scaled_to_professional-1024x674.webp",1024,674,true],"1536x1536":["https:\/\/waterfall-audio.com\/wp-content\/uploads\/2024\/08\/IMG_3826_scaled_to_professional-1536x1010.webp",1536,1010,true],"2048x2048":["https:\/\/waterfall-audio.com\/wp-content\/uploads\/2024\/08\/IMG_3826_scaled_to_professional.webp",1920,1263,false],"woocommerce_thumbnail":["https:\/\/waterfall-audio.com\/wp-content\/uploads\/2024\/08\/IMG_3826_scaled_to_professional-600x360.webp",600,360,true],"woocommerce_single":["https:\/\/waterfall-audio.com\/wp-content\/uploads\/2024\/08\/IMG_3826_scaled_to_professional-600x395.webp",600,395,true],"woocommerce_gallery_thumbnail":["https:\/\/waterfall-audio.com\/wp-content\/uploads\/2024\/08\/IMG_3826_scaled_to_professional-100x100.webp",100,100,true]},"uagb_author_info":{"display_name":"waterfall-admin","author_link":"https:\/\/waterfall-audio.com\/pl\/author\/"},"uagb_comment_info":0,"uagb_excerpt":"Waterfall Standard to wydajna myjka do p\u0142yt winylowych, wyposa\u017cona w mocny silnik ss\u0105cy, kt\u00f3ry usuwa p\u0142yn z zabrudzeniami w trakcie jednego obrotu. Twoja kolekcja p\u0142yt winylowych odzyska \u015bwietnie brzmienie i dawny blask! Obudowa z MDF i pianka akustyczna zapewniaj\u0105 kulturaln\u0105 prac\u0119, a elegancka i trwa\u0142a pow\u0142oka lakiernicza sprawia \u017ce urz\u0105dzenie b\u0119dzie \u015bwietnie prezentowa\u0107 si\u0119 w\u015br\u00f3d&hellip;","_links":{"self":[{"href":"https:\/\/waterfall-audio.com\/pl\/wp-json\/wp\/v2\/product\/1721","targetHints":{"allow":["GET"]}}],"collection":[{"href":"https:\/\/waterfall-audio.com\/pl\/wp-json\/wp\/v2\/product"}],"about":[{"href":"https:\/\/waterfall-audio.com\/pl\/wp-json\/wp\/v2\/types\/product"}],"replies":[{"embeddable":true,"href":"https:\/\/waterfall-audio.com\/pl\/wp-json\/wp\/v2\/comments?post=1721"}],"wp:featuredmedia":[{"embeddable":true,"href":"https:\/\/waterfall-audio.com\/pl\/wp-json\/wp\/v2\/media\/1686"}],"wp:attachment":[{"href":"https:\/\/waterfall-audio.com\/pl\/wp-json\/wp\/v2\/media?parent=1721"}],"wp:term":[{"taxonomy":"product_cat","embeddable":true,"href":"https:\/\/waterfall-audio.com\/pl\/wp-json\/wp\/v2\/product_cat?post=1721"},{"taxonomy":"product_tag","embeddable":true,"href":"https:\/\/waterfall-audio.com\/pl\/wp-json\/wp\/v2\/product_tag?post=1721"}],"curies":[{"name":"wp","href":"https:\/\/api.w.org\/{rel}","templated":true}]}}