{"id":1794,"date":"2024-08-29T11:19:06","date_gmt":"2024-08-29T09:19:06","guid":{"rendered":"https:\/\/new.waterfall-audio.com\/strona-glowna\/"},"modified":"2025-02-20T08:41:33","modified_gmt":"2025-02-20T07:41:33","slug":"strona-glowna","status":"publish","type":"page","link":"https:\/\/waterfall-audio.com\/pl\/","title":{"rendered":"Strona g\u0142\u00f3wna"},"content":{"rendered":"<div class=\"wp-block-uagb-container uagb-block-5c04d5a8 alignfull uagb-is-root-container\"><div class=\"uagb-container-inner-blocks-wrap\"><\/div><\/div><div class=\"wp-block-uagb-container uagb-block-431c104f alignfull uagb-is-root-container\"><div class=\"uagb-container-inner-blocks-wrap\"><div class=\"wp-block-uagb-container uagb-layout-grid uagb-block-233df5d8 alignfull uagb-is-root-container\"><div class=\"uagb-container-inner-blocks-wrap\"><div class=\"wp-block-uagb-info-box uagb-block-cdd202a1 uagb-infobox__content-wrap  uagb-infobox-icon-left uagb-infobox-left uagb-infobox-stacked-mobile uagb-infobox-image-valign-top\"><div class=\"uagb-ifb-icon-wrap\"><svg xmlns=\"https:\/\/www.w3.org\/2000\/svg\" viewBox=\"0 0 512 512\"><path d=\"M256 160C202.9 160 160 202.9 160 256s42.92 96 96 96c53.08 0 96-42.92 96-96S309.1 160 256 160zM256 288C238.3 288 224 273.7 224 256s14.33-32 32-32c17.67 0 32 14.33 32 32S273.7 288 256 288zM256 0c-141.4 0-256 114.6-256 256s114.6 256 256 256c141.4 0 256-114.6 256-256S397.4 0 256 0zM256 384c-70.75 0-128-57.25-128-128s57.25-128 128-128s128 57.25 128 128S326.8 384 256 384z\"><\/path><\/svg><\/div><div class=\"uagb-ifb-content\"><div class=\"uagb-ifb-title-wrap\"><h5 class=\"uagb-ifb-title\">Perfekcyjne mycie p\u0142yt winylowych<\/h5><\/div><p class=\"uagb-ifb-desc\">Wszystkie rozmiary<\/p><\/div><\/div>\n\n<div class=\"wp-block-uagb-info-box uagb-block-7769e4fd uagb-infobox__content-wrap  uagb-infobox-icon-left uagb-infobox-left uagb-infobox-stacked-mobile uagb-infobox-image-valign-top\"><div class=\"uagb-ifb-icon-wrap\"><svg xmlns=\"https:\/\/www.w3.org\/2000\/svg\" viewBox=\"0 0 384 512\"><path d=\"M374.6 246.6C368.4 252.9 360.2 256 352 256s-16.38-3.125-22.62-9.375L224 141.3V448c0 17.69-14.33 31.1-31.1 31.1S160 465.7 160 448V141.3L54.63 246.6c-12.5 12.5-32.75 12.5-45.25 0s-12.5-32.75 0-45.25l160-160c12.5-12.5 32.75-12.5 45.25 0l160 160C387.1 213.9 387.1 234.1 374.6 246.6z\"><\/path><\/svg><\/div><div class=\"uagb-ifb-content\"><div class=\"uagb-ifb-title-wrap\"><h5 class=\"uagb-ifb-title\"> Materia\u0142y najwy\u017cszej jako\u015bci<\/h5><\/div><p class=\"uagb-ifb-desc\"> Wykorzystane w procesie produkcji<\/p><\/div><\/div>\n\n<div class=\"wp-block-uagb-info-box uagb-block-6b66c86f uagb-infobox__content-wrap  uagb-infobox-icon-left uagb-infobox-left uagb-infobox-stacked-mobile uagb-infobox-image-valign-top\"><div class=\"uagb-ifb-icon-wrap\"><svg xmlns=\"https:\/\/www.w3.org\/2000\/svg\" viewBox=\"0 0 576 512\"><path d=\"M381.2 150.3L524.9 171.5C536.8 173.2 546.8 181.6 550.6 193.1C554.4 204.7 551.3 217.3 542.7 225.9L438.5 328.1L463.1 474.7C465.1 486.7 460.2 498.9 450.2 506C440.3 513.1 427.2 514 416.5 508.3L288.1 439.8L159.8 508.3C149 514 135.9 513.1 126 506C116.1 498.9 111.1 486.7 113.2 474.7L137.8 328.1L33.58 225.9C24.97 217.3 21.91 204.7 25.69 193.1C29.46 181.6 39.43 173.2 51.42 171.5L195 150.3L259.4 17.97C264.7 6.954 275.9-.0391 288.1-.0391C300.4-.0391 311.6 6.954 316.9 17.97L381.2 150.3z\"><\/path><\/svg><\/div><div class=\"uagb-ifb-content\"><div class=\"uagb-ifb-title-wrap\"><h5 class=\"uagb-ifb-title\">Wyj\u0105tkowy design<\/h5><\/div><p class=\"uagb-ifb-desc\">\u015awietnie uzupe\u0142ni Tw\u00f3j zestaw audio<\/p><\/div><\/div><\/div><\/div><\/div><\/div><div class=\"wp-block-uagb-container uagb-block-48d6e5e1 alignfull uagb-is-root-container\"><div class=\"uagb-container-inner-blocks-wrap\"><div class=\"wp-block-uagb-container uagb-block-381b87c6\"><div class=\"wp-block-uagb-container uagb-block-b48e4061\"><div class=\"wp-block-uagb-image uagb-block-69f2c873 wp-block-uagb-image--layout-default wp-block-uagb-image--effect-static wp-block-uagb-image--align-none\"><figure class=\"wp-block-uagb-image__figure\"><img decoding=\"async\" srcset=\"https:\/\/waterfall-audio.com\/wp-content\/uploads\/2024\/09\/Waterfall_Standard_350x230.webp ,https:\/\/waterfall-audio.com\/wp-content\/uploads\/2024\/09\/Waterfall_Standard_350x230.webp 780w, https:\/\/waterfall-audio.com\/wp-content\/uploads\/2024\/09\/Waterfall_Standard_350x230.webp 360w\" sizes=\"auto, (max-width: 480px) 150px\" src=\"https:\/\/waterfall-audio.com\/wp-content\/uploads\/2024\/09\/Waterfall_Standard_350x230.webp\" alt=\"Waterfall Standard vinyl record clenaning machine\" class=\"uag-image-1732\" width=\"350\" height=\"230\" title=\"Waterfall_Standard_350x230\" loading=\"lazy\" role=\"img\"\/><\/figure><\/div>\n\n<div class=\"wp-block-uagb-advanced-heading uagb-block-8d9e5faa\"><h3 class=\"uagb-heading-text\">Waterfall Standard<\/h3><p class=\"uagb-desc-text\">\u0141atwa w u\u017cyciu i skuteczna myjka do p\u0142yt winylowych z mocnym silnikiem ss\u0105cym. Proces mycia teraz b\u0119dzie szybki, wygodny i bardzo efektywny.<\/p><\/div><a class=\"spectra-container-link-overlay\" rel=\"noopener\" href=\"https:\/\/waterfall-audio.com\/pl\/shop\/waterfall-standard\"> <\/a><\/div>\n\n<div class=\"wp-block-uagb-container uagb-block-582ef34d\"><div class=\"wp-block-uagb-image uagb-block-56568c86 wp-block-uagb-image--layout-default wp-block-uagb-image--effect-static wp-block-uagb-image--align-none\"><figure class=\"wp-block-uagb-image__figure\"><img decoding=\"async\" srcset=\"https:\/\/waterfall-audio.com\/wp-content\/uploads\/2024\/09\/Waterfall_Professional_350x230.webp ,https:\/\/waterfall-audio.com\/wp-content\/uploads\/2024\/09\/Waterfall_Professional_350x230.webp 780w, https:\/\/waterfall-audio.com\/wp-content\/uploads\/2024\/09\/Waterfall_Professional_350x230.webp 360w\" sizes=\"auto, (max-width: 480px) 150px\" src=\"https:\/\/waterfall-audio.com\/wp-content\/uploads\/2024\/09\/Waterfall_Professional_350x230.webp\" alt=\"Waterfall Professional vinyl record cleaning machine\" class=\"uag-image-1549\" width=\"350\" height=\"230\" title=\"Waterfall Professional\" loading=\"lazy\" role=\"img\"\/><\/figure><\/div>\n\n<div class=\"wp-block-uagb-advanced-heading uagb-block-890d5df6\"><h3 class=\"uagb-heading-text\">Waterfall Professional<\/h3><p class=\"uagb-desc-text\">Myjka do p\u0142yt winylowych z unikatow\u0105 technologi\u0105 mycia wibracyjnego. Gwarantuje \u017ce Twoje albumy b\u0119d\u0105 perfekcyjnie czyste przed odtworzeniem.<\/p><\/div><a class=\"spectra-container-link-overlay\" rel=\"noopener\" href=\"https:\/\/waterfall-audio.com\/pl\/shop\/waterfall-professional\"> <\/a><\/div>\n\n<div class=\"wp-block-uagb-container uagb-block-0681a95a\"><div class=\"wp-block-uagb-image uagb-block-7239aa98 wp-block-uagb-image--layout-default wp-block-uagb-image--effect-static wp-block-uagb-image--align-none\"><figure class=\"wp-block-uagb-image__figure\"><img decoding=\"async\" srcset=\"https:\/\/waterfall-audio.com\/wp-content\/uploads\/2024\/09\/Waterfall_accesoriess_350x230.webp ,https:\/\/waterfall-audio.com\/wp-content\/uploads\/2024\/09\/Waterfall_accesoriess_350x230.webp 780w, https:\/\/waterfall-audio.com\/wp-content\/uploads\/2024\/09\/Waterfall_accesoriess_350x230.webp 360w\" sizes=\"auto, (max-width: 480px) 150px\" src=\"https:\/\/waterfall-audio.com\/wp-content\/uploads\/2024\/09\/Waterfall_accesoriess_350x230.webp\" alt=\"Waterfall Vinyl record cleaning machines accessories\" class=\"uag-image-1548\" width=\"350\" height=\"230\" title=\"Waterfall accessories\" loading=\"lazy\" role=\"img\"\/><\/figure><\/div>\n\n<div class=\"wp-block-uagb-advanced-heading uagb-block-7065b39b\"><h3 class=\"uagb-heading-text\">Akcesoria<\/h3><p class=\"uagb-desc-text\">Akcesoria Waterfall dla \u015bwietnych rezultat\u00f3w mycia winyli. Mo\u017cesz to znale\u017a\u0107 tak\u017ce cz\u0119\u015bci eksploatacyjne do naszych urz\u0105dze\u0144. <\/p><\/div><a class=\"spectra-container-link-overlay\" rel=\"noopener\" href=\"https:\/\/waterfall-audio.com\/pl\/kategoria-produktu\/akcesoria\"> <\/a><\/div><\/div><\/div><\/div><div class=\"wp-block-uagb-container uagb-block-f0cff427 alignfull uagb-is-root-container\"><div class=\"uagb-container-inner-blocks-wrap\"><div class=\"wp-block-uagb-container uagb-block-6b8f523a\"><div class=\"wp-block-uagb-advanced-heading uagb-block-64a6819b\"><h2 class=\"uagb-heading-text\">Polecaj\u0105 nas<\/h2><p class=\"uagb-desc-text\">Mamy wielu zadowolonych klient\u00f3w. Oto opinie kilku z nich! <\/p><\/div>\n\n<div class=\"wp-block-uagb-container uagb-block-9a7611a7\"><div class=\"wp-block-uagb-image aligncenter uagb-block-3002b81f wp-block-uagb-image--layout-default wp-block-uagb-image--effect-static wp-block-uagb-image--align-center\"><figure class=\"wp-block-uagb-image__figure\"><img decoding=\"async\" srcset=\"https:\/\/waterfall-audio.com\/wp-content\/uploads\/2024\/10\/waldemar_sulisz.jpg ,https:\/\/waterfall-audio.com\/wp-content\/uploads\/2024\/10\/waldemar_sulisz.jpg 780w, https:\/\/waterfall-audio.com\/wp-content\/uploads\/2024\/10\/waldemar_sulisz.jpg 360w\" sizes=\"auto, (max-width: 480px) 150px\" src=\"https:\/\/waterfall-audio.com\/wp-content\/uploads\/2024\/10\/waldemar_sulisz.jpg\" alt=\"\" class=\"uag-image-1811\" width=\"230\" height=\"288\" title=\"waldemar_sulisz\" loading=\"lazy\" role=\"img\"\/><\/figure><\/div>\n\n<div class=\"wp-block-uagb-container uagb-block-d48568a2\"><div class=\"wp-block-uagb-testimonial uagb-slick-carousel uagb-tm__arrow-outside uagb-block-c7b28640 uagb-post__carousel_notset uagb-post__carousel_notset-tablet uagb-post__carousel_notset-mobile\"><div class=\"is-carousel uagb-tm__columns-1 uagb-tm__items\"><div class=\"uagb-testimonial__wrap  uagb-tm__imgicon-style-circle uagb-tm__image-position-bottom uagb-tm__bg-type-none \"><div class=\"uagb-tm__content\"><div class=\"uagb-tm__overlay\"><\/div><div class=\"uagb-tm__text-wrap\"><div class=\"uagb-tm__desc\">[\u2026] polska myjka to prawdziwy Mercedes, kt\u00f3ry zachwyca elegancj\u0105, komfortem u\u017cytkowania i przenosi czyszczenie winyli na zupe\u0142nie nowy poziom. <\/div><div class=\"uagb-tm__meta-inner\"><div class=\"uagb-testimonial-details\"><span class=\"uagb-tm__author-name\">Waldemar Sulisz<\/span><span class=\"uagb-tm__company\">Editor pangramofon.pl<\/span><\/div><\/div><\/div><\/div><\/div><\/div><\/div><\/div><\/div><\/div>\n\n<div class=\"wp-block-uagb-container uagb-block-7f0f75d1\"><div class=\"wp-block-uagb-container uagb-block-3ac2710b\"><div class=\"wp-block-uagb-image aligncenter uagb-block-a6a90253 wp-block-uagb-image--layout-default wp-block-uagb-image--effect-static wp-block-uagb-image--align-center\"><figure class=\"wp-block-uagb-image__figure\"><img decoding=\"async\" srcset=\"https:\/\/waterfall-audio.com\/wp-content\/uploads\/2025\/02\/Mateusz-Czech-Fotografia-Wojtek-Mazolewski-20052021-4-1024x684.jpg ,https:\/\/waterfall-audio.com\/wp-content\/uploads\/2025\/02\/Mateusz-Czech-Fotografia-Wojtek-Mazolewski-20052021-4-scaled.jpg 780w, https:\/\/waterfall-audio.com\/wp-content\/uploads\/2025\/02\/Mateusz-Czech-Fotografia-Wojtek-Mazolewski-20052021-4-scaled.jpg 360w\" sizes=\"auto, (max-width: 480px) 150px\" src=\"https:\/\/waterfall-audio.com\/wp-content\/uploads\/2025\/02\/Mateusz-Czech-Fotografia-Wojtek-Mazolewski-20052021-4-1024x684.jpg\" alt=\"Wojtek Mazolewski Winyl\" class=\"uag-image-1991\" width=\"230\" height=\"288\" title=\"Mateusz Czech Fotografia Wojtek Mazolewski 20052021-4\" loading=\"lazy\" role=\"img\"\/><\/figure><\/div>\n\n<div class=\"wp-block-uagb-container uagb-block-9c499451\"><div class=\"wp-block-uagb-testimonial uagb-slick-carousel uagb-tm__arrow-outside uagb-block-20e9fe2a uagb-post__carousel_notset uagb-post__carousel_notset-tablet uagb-post__carousel_notset-mobile\"><div class=\"is-carousel uagb-tm__columns-1 uagb-tm__items\"><div class=\"uagb-testimonial__wrap  uagb-tm__imgicon-style-circle uagb-tm__image-position-bottom uagb-tm__bg-type-none \"><div class=\"uagb-tm__content\"><div class=\"uagb-tm__overlay\"><\/div><div class=\"uagb-tm__text-wrap\"><div class=\"uagb-tm__desc\">Polecam mycie p\u0142yt winylowych przed ods\u0142uchem. To poprawia jako\u015b\u0107 d\u017awi\u0119ku.<\/div><div class=\"uagb-tm__meta-inner\"><div class=\"uagb-testimonial-details\"><span class=\"uagb-tm__author-name\">Wojtek Mazolewski<\/span><span class=\"uagb-tm__company\">Muzyk jazzowy<\/span><\/div><\/div><\/div><\/div><\/div><\/div><\/div><\/div><\/div>\n\n<div class=\"wp-block-uagb-container uagb-block-62360754\"><div class=\"wp-block-uagb-image aligncenter uagb-block-cf89f0bc wp-block-uagb-image--layout-default wp-block-uagb-image--effect-static wp-block-uagb-image--align-center\"><figure class=\"wp-block-uagb-image__figure\"><img decoding=\"async\" srcset=\"https:\/\/waterfall-audio.com\/wp-content\/uploads\/2024\/10\/portrait-tattooed-man-sitting-bench-promenade-thailand-sunset-time-683x1024.jpg ,https:\/\/waterfall-audio.com\/wp-content\/uploads\/2024\/10\/portrait-tattooed-man-sitting-bench-promenade-thailand-sunset-time-scaled.jpg 780w, https:\/\/waterfall-audio.com\/wp-content\/uploads\/2024\/10\/portrait-tattooed-man-sitting-bench-promenade-thailand-sunset-time-scaled.jpg 360w\" sizes=\"auto, (max-width: 480px) 150px\" src=\"https:\/\/waterfall-audio.com\/wp-content\/uploads\/2024\/10\/portrait-tattooed-man-sitting-bench-promenade-thailand-sunset-time-683x1024.jpg\" alt=\"\" class=\"uag-image-1814\" width=\"230\" height=\"288\" title=\"portrait-tattooed-man-sitting-bench-promenade-thailand-sunset-time\" loading=\"lazy\" role=\"img\"\/><\/figure><\/div>\n\n<div class=\"wp-block-uagb-container uagb-block-96dffe3d\"><div class=\"wp-block-uagb-testimonial uagb-slick-carousel uagb-tm__arrow-outside uagb-block-d5a42a38 uagb-post__carousel_notset uagb-post__carousel_notset-tablet uagb-post__carousel_notset-mobile\"><div class=\"is-carousel uagb-tm__columns-1 uagb-tm__items\"><div class=\"uagb-testimonial__wrap  uagb-tm__imgicon-style-circle uagb-tm__image-position-bottom uagb-tm__bg-type-none \"><div class=\"uagb-tm__content\"><div class=\"uagb-tm__overlay\"><\/div><div class=\"uagb-tm__text-wrap\"><div class=\"uagb-tm__desc\">Mycie p\u0142yt sprawia mi du\u017c\u0105 przyjemno\u015b\u0107. Obs\u0142uga jest intuicyjna a wibruj\u0105ca szczotka doskonale wywi\u0105zuje si\u0119 z powierzonego zdania. Urz\u0105dzenie jest bardzo eleganckie i doskonale prezentuje si\u0119 w s\u0105siedztwie gramofonu.  <\/div><div class=\"uagb-tm__meta-inner\"><div class=\"uagb-testimonial-details\"><span class=\"uagb-tm__author-name\">Mariusz<\/span><span class=\"uagb-tm__company\">U\u017cytkownik<\/span><\/div><\/div><\/div><\/div><\/div><\/div><\/div><\/div><\/div><\/div><\/div><\/div><div class=\"wp-block-uagb-container uagb-layout-grid uagb-block-e8cb3f34 alignfull uagb-is-root-container\"><div class=\"uagb-container-inner-blocks-wrap\"><div class=\"wp-block-uagb-advanced-heading uagb-block-bd6a245d\"><h3 class=\"uagb-heading-text\">Masz pytania? <br>Potrzebujesz pomocy w wyborze urz\u0105dzenia?<\/h3><\/div>\n\n<div class=\"wp-block-uagb-info-box uagb-block-899b0888 uagb-infobox__content-wrap  uagb-infobox-icon-above-title uagb-infobox-image-valign-top\"><div class=\"uagb-ifb-content\"><div class=\"uagb-ifb-title-wrap\"><\/div><p class=\"uagb-ifb-desc\">Mamy lata do\u015bwiadczenia w myciu p\u0142yt winylowych. <br\/>Skontaktuj si\u0119 je\u015bli masz pytania! Pomo\u017cemy Ci wybra\u0107 najlepsz\u0105 metod\u0119 mycia p\u0142yt i urz\u0105dzenie dla Ciebie. <\/p><div class=\"uagb-ifb-button-wrapper wp-block-button\"><a href=\"https:\/\/waterfall-audio.com\/pl\/kontakt\/\" class=\"uagb-infobox-cta-link wp-block-button__link\" target=\"_self\" rel=\"noopener noreferrer\" onclick=\"return true;\"><span class=\"uagb-inline-editing\">KONTAKT<\/span><\/a><\/div><\/div><\/div><\/div><\/div><div class=\"wp-block-uagb-container uagb-block-b6050628 alignfull uagb-is-root-container\"><div class=\"uagb-container-inner-blocks-wrap\"><div class=\"wp-block-uagb-info-box uagb-block-ea68267b uagb-infobox__content-wrap  uagb-infobox-icon-above-title uagb-infobox-image-valign-top\"><div class=\"uagb-ifb-content\"><div class=\"uagb-ifb-title-wrap\"><h2 class=\"uagb-ifb-title\">Zainteresowany? Zajrzyj do naszego sklepu! <\/h2><\/div><p class=\"uagb-ifb-desc\">Zajmujemy si\u0119 projektowaniem i produkowaniem wysokiej jako\u015bci urz\u0105dze\u0144 do mycia p\u0142yt winylowych.<\/p><div class=\"uagb-ifb-button-wrapper wp-block-button\"><a href=\"https:\/\/waterfall-audio.com\/shop\" class=\"uagb-infobox-cta-link wp-block-button__link\" target=\"_self\" rel=\"noopener noreferrer\" onclick=\"return true;\"><span class=\"uagb-inline-editing\">Id\u017a do sklepu<\/span><\/a><\/div><\/div><\/div><\/div><\/div>","protected":false},"excerpt":{"rendered":"<p>Waterfall Standard \u0141atwa w u\u017cyciu i skuteczna myjka do p\u0142yt winylowych z mocnym silnikiem ss\u0105cym. Proces mycia teraz b\u0119dzie szybki, wygodny i bardzo efektywny. Waterfall Professional Myjka do p\u0142yt winylowych z unikatow\u0105 technologi\u0105 mycia wibracyjnego. Gwarantuje \u017ce Twoje albumy b\u0119d\u0105 perfekcyjnie czyste przed odtworzeniem. Akcesoria Akcesoria Waterfall dla \u015bwietnych rezultat\u00f3w mycia winyli. Mo\u017cesz to znale\u017a\u0107 [&hellip;]<\/p>\n","protected":false},"author":1,"featured_media":0,"parent":0,"menu_order":0,"comment_status":"closed","ping_status":"closed","template":"","meta":{"_uag_custom_page_level_css":"","site-sidebar-layout":"default","site-content-layout":"plain-container","ast-site-content-layout":"full-width-container","site-content-style":"unboxed","site-sidebar-style":"unboxed","ast-global-header-display":"","ast-banner-title-visibility":"","ast-main-header-display":"","ast-hfb-above-header-display":"","ast-hfb-below-header-display":"","ast-hfb-mobile-header-display":"","site-post-title":"disabled","ast-breadcrumbs-content":"","ast-featured-img":"","footer-sml-layout":"","theme-transparent-header-meta":"enabled","adv-header-id-meta":"","stick-header-meta":"","header-above-stick-meta":"","header-main-stick-meta":"","header-below-stick-meta":"","astra-migrate-meta-layouts":"set","ast-page-background-enabled":"default","ast-page-background-meta":{"desktop":{"background-color":"","background-image":"","background-repeat":"repeat","background-position":"center center","background-size":"auto","background-attachment":"scroll","background-type":"","background-media":"","overlay-type":"","overlay-color":"","overlay-opacity":"","overlay-gradient":""},"tablet":{"background-color":"","background-image":"","background-repeat":"repeat","background-position":"center center","background-size":"auto","background-attachment":"scroll","background-type":"","background-media":"","overlay-type":"","overlay-color":"","overlay-opacity":"","overlay-gradient":""},"mobile":{"background-color":"","background-image":"","background-repeat":"repeat","background-position":"center center","background-size":"auto","background-attachment":"scroll","background-type":"","background-media":"","overlay-type":"","overlay-color":"","overlay-opacity":"","overlay-gradient":""}},"ast-content-background-meta":{"desktop":{"background-color":"var(--ast-global-color-5)","background-image":"","background-repeat":"repeat","background-position":"center center","background-size":"auto","background-attachment":"scroll","background-type":"","background-media":"","overlay-type":"","overlay-color":"","overlay-opacity":"","overlay-gradient":""},"tablet":{"background-color":"var(--ast-global-color-5)","background-image":"","background-repeat":"repeat","background-position":"center center","background-size":"auto","background-attachment":"scroll","background-type":"","background-media":"","overlay-type":"","overlay-color":"","overlay-opacity":"","overlay-gradient":""},"mobile":{"background-color":"var(--ast-global-color-5)","background-image":"","background-repeat":"repeat","background-position":"center center","background-size":"auto","background-attachment":"scroll","background-type":"","background-media":"","overlay-type":"","overlay-color":"","overlay-opacity":"","overlay-gradient":""}},"footnotes":""},"class_list":["post-1794","page","type-page","status-publish","hentry"],"uagb_featured_image_src":{"full":false,"thumbnail":false,"medium":false,"medium_large":false,"large":false,"1536x1536":false,"2048x2048":false,"woocommerce_thumbnail":false,"woocommerce_single":false,"woocommerce_gallery_thumbnail":false},"uagb_author_info":{"display_name":"waterfall-admin","author_link":"https:\/\/waterfall-audio.com\/pl\/author\/waterfall-admin\/"},"uagb_comment_info":0,"uagb_excerpt":"Waterfall Standard \u0141atwa w u\u017cyciu i skuteczna myjka do p\u0142yt winylowych z mocnym silnikiem ss\u0105cym. Proces mycia teraz b\u0119dzie szybki, wygodny i bardzo efektywny. Waterfall Professional Myjka do p\u0142yt winylowych z unikatow\u0105 technologi\u0105 mycia wibracyjnego. Gwarantuje \u017ce Twoje albumy b\u0119d\u0105 perfekcyjnie czyste przed odtworzeniem. Akcesoria Akcesoria Waterfall dla \u015bwietnych rezultat\u00f3w mycia winyli. Mo\u017cesz to znale\u017a\u0107&hellip;","_links":{"self":[{"href":"https:\/\/waterfall-audio.com\/pl\/wp-json\/wp\/v2\/pages\/1794","targetHints":{"allow":["GET"]}}],"collection":[{"href":"https:\/\/waterfall-audio.com\/pl\/wp-json\/wp\/v2\/pages"}],"about":[{"href":"https:\/\/waterfall-audio.com\/pl\/wp-json\/wp\/v2\/types\/page"}],"author":[{"embeddable":true,"href":"https:\/\/waterfall-audio.com\/pl\/wp-json\/wp\/v2\/users\/1"}],"replies":[{"embeddable":true,"href":"https:\/\/waterfall-audio.com\/pl\/wp-json\/wp\/v2\/comments?post=1794"}],"version-history":[{"count":26,"href":"https:\/\/waterfall-audio.com\/pl\/wp-json\/wp\/v2\/pages\/1794\/revisions"}],"predecessor-version":[{"id":1994,"href":"https:\/\/waterfall-audio.com\/pl\/wp-json\/wp\/v2\/pages\/1794\/revisions\/1994"}],"wp:attachment":[{"href":"https:\/\/waterfall-audio.com\/pl\/wp-json\/wp\/v2\/media?parent=1794"}],"curies":[{"name":"wp","href":"https:\/\/api.w.org\/{rel}","templated":true}]}}